{"id":112,"date":"2026-01-30T10:33:06","date_gmt":"2026-01-30T10:33:06","guid":{"rendered":"https:\/\/marche-central-wp.ddev.site\/home\/"},"modified":"2026-05-06T11:01:06","modified_gmt":"2026-05-06T11:01:06","slug":"home","status":"publish","type":"page","link":"https:\/\/marchecentral.com\/fr\/","title":{"rendered":"Home"},"content":{"rendered":"","protected":false},"excerpt":{"rendered":"","protected":false},"author":1,"featured_media":0,"parent":0,"menu_order":0,"comment_status":"closed","ping_status":"closed","template":"","meta":{"_acf_changed":false,"footnotes":""},"class_list":["post-112","page","type-page","status-publish","hentry"],"acf":[],"yoast_head":"<!-- This site is optimized with the Yoast SEO plugin v27.5 - https:\/\/yoast.com\/product\/yoast-seo-wordpress\/ -->\n<title>March\u00e9 Central: essentiels, choix infini et \u00e9conomies, tout au m\u00eame endroit<\/title>\n<meta name=\"description\" content=\"60+ commerces, 10 magasins d&#039;entrep\u00f4t et restos \u00e0 Montr\u00e9al. Profitez des meilleures aubaines et d&#039;un bon repas. Visitez-nous!\" \/>\n<meta name=\"robots\" content=\"noindex, follow, max-snippet:-1, max-image-preview:large, max-video-preview:-1\" \/>\n<meta property=\"og:locale\" content=\"fr_FR\" \/>\n<meta property=\"og:type\" content=\"article\" \/>\n<meta property=\"og:title\" content=\"March\u00e9 Central: essentiels, choix infini et \u00e9conomies, tout au m\u00eame endroit\" \/>\n<meta property=\"og:description\" content=\"60+ commerces, 10 magasins d&#039;entrep\u00f4t et restos \u00e0 Montr\u00e9al. Profitez des meilleures aubaines et d&#039;un bon repas. Visitez-nous!\" \/>\n<meta property=\"og:url\" content=\"https:\/\/marchecentral.com\/fr\/\" \/>\n<meta property=\"og:site_name\" content=\"March\u00e9 Central\" \/>\n<meta property=\"article:publisher\" content=\"https:\/\/fr-ca.facebook.com\/lemarchecentral\" \/>\n<meta property=\"article:modified_time\" content=\"2026-05-06T11:01:06+00:00\" \/>\n<meta property=\"og:image\" content=\"https:\/\/marchecentral.com\/wp-content\/uploads\/2026\/05\/marche-central-OG-image.png\" \/>\n\t<meta property=\"og:image:width\" content=\"1200\" \/>\n\t<meta property=\"og:image:height\" content=\"630\" \/>\n\t<meta property=\"og:image:type\" content=\"image\/png\" \/>\n<meta name=\"twitter:card\" content=\"summary_large_image\" \/>\n<script type=\"application\/ld+json\" class=\"yoast-schema-graph\">{\"@context\":\"https:\\\/\\\/schema.org\",\"@graph\":[{\"@type\":\"WebPage\",\"@id\":\"https:\\\/\\\/marchecentral.com\\\/fr\\\/\",\"url\":\"https:\\\/\\\/marchecentral.com\\\/fr\\\/\",\"name\":\"March\u00e9 Central: essentiels, choix infini et \u00e9conomies, tout au m\u00eame endroit\",\"isPartOf\":{\"@id\":\"https:\\\/\\\/marchecentral.com\\\/fr\\\/#website\"},\"datePublished\":\"2026-01-30T10:33:06+00:00\",\"dateModified\":\"2026-05-06T11:01:06+00:00\",\"description\":\"60+ commerces, 10 magasins d'entrep\u00f4t et restos \u00e0 Montr\u00e9al. Profitez des meilleures aubaines et d'un bon repas. Visitez-nous!\",\"breadcrumb\":{\"@id\":\"https:\\\/\\\/marchecentral.com\\\/fr\\\/#breadcrumb\"},\"inLanguage\":\"fr-FR\",\"potentialAction\":[{\"@type\":\"ReadAction\",\"target\":[\"https:\\\/\\\/marchecentral.com\\\/fr\\\/\"]}]},{\"@type\":\"BreadcrumbList\",\"@id\":\"https:\\\/\\\/marchecentral.com\\\/fr\\\/#breadcrumb\",\"itemListElement\":[{\"@type\":\"ListItem\",\"position\":1,\"name\":\"Home\",\"item\":\"https:\\\/\\\/marchecentral.com\\\/fr\\\/\"},{\"@type\":\"ListItem\",\"position\":2,\"name\":\"Home\"}]},{\"@type\":\"WebSite\",\"@id\":\"https:\\\/\\\/marchecentral.com\\\/fr\\\/#website\",\"url\":\"https:\\\/\\\/marchecentral.com\\\/fr\\\/\",\"name\":\"March\u00e9 Central\",\"description\":\"\",\"publisher\":{\"@id\":\"https:\\\/\\\/marchecentral.com\\\/fr\\\/#organization\"},\"potentialAction\":[{\"@type\":\"SearchAction\",\"target\":{\"@type\":\"EntryPoint\",\"urlTemplate\":\"https:\\\/\\\/marchecentral.com\\\/fr\\\/?s={search_term_string}\"},\"query-input\":{\"@type\":\"PropertyValueSpecification\",\"valueRequired\":true,\"valueName\":\"search_term_string\"}}],\"inLanguage\":\"fr-FR\"},{\"@type\":\"Organization\",\"@id\":\"https:\\\/\\\/marchecentral.com\\\/fr\\\/#organization\",\"name\":\"March\u00e9 Central\",\"url\":\"https:\\\/\\\/marchecentral.com\\\/fr\\\/\",\"logo\":{\"@type\":\"ImageObject\",\"inLanguage\":\"fr-FR\",\"@id\":\"https:\\\/\\\/marchecentral.com\\\/fr\\\/#\\\/schema\\\/logo\\\/image\\\/\",\"url\":\"https:\\\/\\\/marchecentral.com\\\/wp-content\\\/uploads\\\/2026\\\/05\\\/marche-central-logo.png\",\"contentUrl\":\"https:\\\/\\\/marchecentral.com\\\/wp-content\\\/uploads\\\/2026\\\/05\\\/marche-central-logo.png\",\"width\":1392,\"height\":1392,\"caption\":\"March\u00e9 Central\"},\"image\":{\"@id\":\"https:\\\/\\\/marchecentral.com\\\/fr\\\/#\\\/schema\\\/logo\\\/image\\\/\"},\"sameAs\":[\"https:\\\/\\\/fr-ca.facebook.com\\\/lemarchecentral\",\"https:\\\/\\\/www.instagram.com\\\/lemarchecentral\\\/\"]}]}<\/script>\n<!-- \/ Yoast SEO plugin. -->","yoast_head_json":{"title":"March\u00e9 Central: essentiels, choix infini et \u00e9conomies, tout au m\u00eame endroit","description":"60+ commerces, 10 magasins d'entrep\u00f4t et restos \u00e0 Montr\u00e9al. Profitez des meilleures aubaines et d'un bon repas. Visitez-nous!","robots":{"index":"noindex","follow":"follow","max-snippet":"max-snippet:-1","max-image-preview":"max-image-preview:large","max-video-preview":"max-video-preview:-1"},"og_locale":"fr_FR","og_type":"article","og_title":"March\u00e9 Central: essentiels, choix infini et \u00e9conomies, tout au m\u00eame endroit","og_description":"60+ commerces, 10 magasins d'entrep\u00f4t et restos \u00e0 Montr\u00e9al. Profitez des meilleures aubaines et d'un bon repas. Visitez-nous!","og_url":"https:\/\/marchecentral.com\/fr\/","og_site_name":"March\u00e9 Central","article_publisher":"https:\/\/fr-ca.facebook.com\/lemarchecentral","article_modified_time":"2026-05-06T11:01:06+00:00","og_image":[{"width":1200,"height":630,"url":"https:\/\/marchecentral.com\/wp-content\/uploads\/2026\/05\/marche-central-OG-image.png","type":"image\/png"}],"twitter_card":"summary_large_image","schema":{"@context":"https:\/\/schema.org","@graph":[{"@type":"WebPage","@id":"https:\/\/marchecentral.com\/fr\/","url":"https:\/\/marchecentral.com\/fr\/","name":"March\u00e9 Central: essentiels, choix infini et \u00e9conomies, tout au m\u00eame endroit","isPartOf":{"@id":"https:\/\/marchecentral.com\/fr\/#website"},"datePublished":"2026-01-30T10:33:06+00:00","dateModified":"2026-05-06T11:01:06+00:00","description":"60+ commerces, 10 magasins d'entrep\u00f4t et restos \u00e0 Montr\u00e9al. Profitez des meilleures aubaines et d'un bon repas. Visitez-nous!","breadcrumb":{"@id":"https:\/\/marchecentral.com\/fr\/#breadcrumb"},"inLanguage":"fr-FR","potentialAction":[{"@type":"ReadAction","target":["https:\/\/marchecentral.com\/fr\/"]}]},{"@type":"BreadcrumbList","@id":"https:\/\/marchecentral.com\/fr\/#breadcrumb","itemListElement":[{"@type":"ListItem","position":1,"name":"Home","item":"https:\/\/marchecentral.com\/fr\/"},{"@type":"ListItem","position":2,"name":"Home"}]},{"@type":"WebSite","@id":"https:\/\/marchecentral.com\/fr\/#website","url":"https:\/\/marchecentral.com\/fr\/","name":"March\u00e9 Central","description":"","publisher":{"@id":"https:\/\/marchecentral.com\/fr\/#organization"},"potentialAction":[{"@type":"SearchAction","target":{"@type":"EntryPoint","urlTemplate":"https:\/\/marchecentral.com\/fr\/?s={search_term_string}"},"query-input":{"@type":"PropertyValueSpecification","valueRequired":true,"valueName":"search_term_string"}}],"inLanguage":"fr-FR"},{"@type":"Organization","@id":"https:\/\/marchecentral.com\/fr\/#organization","name":"March\u00e9 Central","url":"https:\/\/marchecentral.com\/fr\/","logo":{"@type":"ImageObject","inLanguage":"fr-FR","@id":"https:\/\/marchecentral.com\/fr\/#\/schema\/logo\/image\/","url":"https:\/\/marchecentral.com\/wp-content\/uploads\/2026\/05\/marche-central-logo.png","contentUrl":"https:\/\/marchecentral.com\/wp-content\/uploads\/2026\/05\/marche-central-logo.png","width":1392,"height":1392,"caption":"March\u00e9 Central"},"image":{"@id":"https:\/\/marchecentral.com\/fr\/#\/schema\/logo\/image\/"},"sameAs":["https:\/\/fr-ca.facebook.com\/lemarchecentral","https:\/\/www.instagram.com\/lemarchecentral\/"]}]}},"_links":{"self":[{"href":"https:\/\/marchecentral.com\/fr\/wp-json\/wp\/v2\/pages\/112","targetHints":{"allow":["GET"]}}],"collection":[{"href":"https:\/\/marchecentral.com\/fr\/wp-json\/wp\/v2\/pages"}],"about":[{"href":"https:\/\/marchecentral.com\/fr\/wp-json\/wp\/v2\/types\/page"}],"author":[{"embeddable":true,"href":"https:\/\/marchecentral.com\/fr\/wp-json\/wp\/v2\/users\/1"}],"replies":[{"embeddable":true,"href":"https:\/\/marchecentral.com\/fr\/wp-json\/wp\/v2\/comments?post=112"}],"version-history":[{"count":0,"href":"https:\/\/marchecentral.com\/fr\/wp-json\/wp\/v2\/pages\/112\/revisions"}],"wp:attachment":[{"href":"https:\/\/marchecentral.com\/fr\/wp-json\/wp\/v2\/media?parent=112"}],"curies":[{"name":"wp","href":"https:\/\/api.w.org\/{rel}","templated":true}]}}